{"id":8,"date":"2024-12-14T10:05:29","date_gmt":"2024-12-14T07:05:29","guid":{"rendered":"https:\/\/bayi.standartizolasyon.com\/index.php\/front_page\/"},"modified":"2024-12-14T10:42:15","modified_gmt":"2024-12-14T07:42:15","slug":"front_page","status":"publish","type":"page","link":"https:\/\/bayi.standartizolasyon.com\/index.php\/front_page\/","title":{"rendered":"Home"},"content":{"rendered":"\n\n\n\n\n\nM\u00fc\u015fteri Odakl\u0131 \u00dcretim\n\n\n\n1992&#8217;den beri m\u00fc\u015fteri odakl\u0131 \u00fcreticilik anlay\u0131\u015f\u0131m\u0131zda en kaliteli ve \u00f6zel ala\u015f\u0131ml\u0131 malzemeler ile sunmaya devam ediyoruz.\n\n\n\n\n\n\n\nGeni\u015f \u00dcr\u00fcn Yelpazesi\n\n\n\n\u00dcretimimizde m\u00fc\u015fterilerimizin isteklerine g\u00f6re \u00f6zel ala\u015f\u0131ml\u0131 \u00e7elikler paslanmaz \u00e7elikler, al\u00fcminyum bronz, teflon gibi malzemeler kullan\u0131lmaktad\u0131r.\n\n\n\n\n\n\n\nModern \u0130malat Park\u0131\n\n\n\nModern imalat park\u0131m\u0131zda D\u00fcz ve Helisel di\u015fliler ve ihtiyaca y\u00f6nelik \u00f6zel \u00fcretim red\u00fckt\u00f6r kutular\u0131 ve tala\u015fl\u0131 imalat par\u00e7alar\u0131 CNC ve Konvansiyonel tezg\u00e2hlarda imal edilerek kalite sertifikal\u0131 olarak m\u00fc\u015fterilerimize, sevk edilmektedir.\n\n\n\n\n\n\n\nKalite Standartlar\u0131na Uyum\n\n\n\n\u00dcretimimizde en y\u00fcksek kalite standartlar\u0131na uygun olarak malzemelerimiz i\u015flenerek m\u00fc\u015fterilerimize teslim edilir.\n\n\n\n\n\n\n\n\n\n\n\n\n\nMert Di\u015fli Makina\n\n\n\n\u00d6nc\u00fc Firmalardan Biri\n\n\n\nMert Di\u015fli Makina Sanayi, 1992 y\u0131l\u0131ndan bu yana di\u015fli ve h\u0131z de\u011fi\u015ftirici \u00fcretiminde uzmanla\u015fm\u0131\u015f bir firmad\u0131r. Modern imalat parkurlar\u0131 ve kalite sertifikal\u0131 \u00fcr\u00fcnleri ile Mert Di\u015fli Makina Sanayi, m\u00fc\u015fterilerine hizmet vermektedir.\n\n\n\n\n\u00dcr\u00fcnlerimizi Ke\u015ffedin\n\n\n\n\n\n\n\n\n\n\n\n\nModern \u00dcretim Park\u0131\n\n\n\nKalite ve M\u00fc\u015fteri Hizmetinde \u00d6nc\u00fc\n\n\n\nMert Di\u015fli Makina Sanayi olarak, m\u00fc\u015fterilerimizin \u00f6zel isteklerini kar\u015f\u0131lamak \u00fczere modern imalat park\u0131m\u0131zda \u00f6zel ala\u015f\u0131ml\u0131 malzemeler kullanarak kalite sertifikal\u0131 \u00fcretim ger\u00e7ekle\u015ftiriyoruz.\n\n\n\n\n\nKalite Sertifikal\u0131 \u00dcretim\n\n\n\n\u00d6zel Ala\u015f\u0131ml\u0131 Malzemeler\n\n\n\n\n\n\u00d6zel \u00dcretimler\n\n\n\nD\u00fcz ve Helisel Di\u015fliler\n\n\n\n\n\nCNC ve Konvansiyonel Tezgahlar\n\n\n\nTala\u015fl\u0131 \u0130malat Par\u00e7alar\u0131\n\n\n\n\n\nM\u00fc\u015fterilerimize Garanti\n\n\n\n\u00dcr\u00fcn ve Hizmetlerimizde Kalitemizden Asla \u00d6d\u00fcn Vermiyoruz.\n\n\n\n\n\n\n\n\n\n\n\nBiz Kimiz?\n\n\n\n\u00dcretimimizde m\u00fc\u015fterilerimizin isteklerine g\u00f6re \u00f6zel ala\u015f\u0131ml\u0131 \u00e7elikler paslanmaz \u00e7elikler, al\u00fcminyum bronz, teflon gibi malzemeler kullan\u0131lmaktad\u0131r.\n\n\n\n\n\n\n\n\n\n\n\nD\u00fcz ve Helisel Di\u015fliler\n\n\n\n\u00d6zel m\u00fc\u015fteri taleplerine g\u00f6re \u00fcrettiklerimizin kalitesini her zaman garanti ediyoruz.\n\n\n\n\nDetayl\u0131 Bilgi\n\n\n\n\n\n\n\n\n\n\n\n\n\u00d6zel Red\u00fckt\u00f6r Kutular\u0131\n\n\n\nM\u00fc\u015fterilerimize \u00f6zel tasarlanm\u0131\u015f \u00fcr\u00fcnlerimizle en \u00fcst\u00fcn performans\u0131 sunuyoruz.\n\n\n\n\n\u0130ncele\n\n\n\n\n\n\n\n\n\n\n\n\nTala\u015fl\u0131 \u0130malat Par\u00e7alar\u0131\n\n\n\nModern tala\u015fl\u0131 imalat park\u0131m\u0131zda m\u00fc\u015fterilerimize kalite ve dayan\u0131kl\u0131l\u0131k garantisi sunuyoruz.\n\n\n\n\nHemen Ke\u015ffet\n\n\n\n\n\n\n\n\n\n\n\n\nMert Disli Makina ile en \u00fcst\u00fcn kalitede \u00fcretim hizmeti al\u0131n.\n\n\n\n\nBize Ula\u015f\u0131n\n\n\n\n\u00dcr\u00fcnlerimizi Ke\u015ffet\n\n\n\n\n\n\n\n\n\n\n\n\n\u00dcretimde Toplam S\u00fcre\u00e7ler\n\n\n\n25.000\n\n\n\n\n\n\n\nM\u00fc\u015fteri Memnuniyeti Oran\u0131\n\n\n\n+90%\n\n\n\n\n\n\n\n\u00dcst\u00fcn Kalitede \u00dcretim\n\n\n\n25 y\u0131l\n\n\n\n\n\n\n\n\u00dcretim Planlama S\u00fcresi\n\n\n\n96 saat\n\n\n\n\n\n\n\n\n\nModern \u00dcretim Park\u0131m\u0131z\u0131n ve \u00d6zel Ala\u015f\u0131ml\u0131 Malzemelerin Foto\u011fraf Galerisi\n\n\n\nM\u00fc\u015fterilerimizin isteklerine g\u00f6re \u00f6zel ala\u015f\u0131ml\u0131 \u00e7elikler paslanmaz \u00e7elikler, al\u00fcminyum bronz, teflon gibi malzemeler kullan\u0131lmaktad\u0131r.\n\n\n\n\nFoto\u011fraf Galerimize G\u00f6zat\n\n\n\n\n\n\n\n\n\n\n\n\n\n\n\n\n\n\n\n\n\n\nProje Portf\u00f6y\u00fc\n\n\n\n\n\n\n\n\n\n\n\nS\u00fcperkond\u00fckt\u00f6rler i\u00e7in Y\u00fcksek Performansl\u0131 Di\u015fli Kutular\u0131\n\n\n\n\u00dcretim \u0130malat\u0131\n\n\n\n\n\nM\u00fc\u015fterilerimizin ihtiya\u00e7lar\u0131na uygun olarak, s\u00fcperkond\u00fckt\u00f6rler i\u00e7in y\u00fcksek performansl\u0131 di\u015fli kutular\u0131 \u00fcrettik.\n\n\n\n\n\n\nDetaylar\n\n\n\n\n\n\n\n\n\n\n\n\nEnd\u00fcstriyel Makineler i\u00e7in Dayan\u0131kl\u0131 Di\u015fli Kutular\u0131\n\n\n\nMakine \u00dcretimi\n\n\n\n\n\nM\u00fc\u015fterilerimizin isteklerine g\u00f6re tasarlad\u0131\u011f\u0131m\u0131z dayan\u0131kl\u0131 di\u015fli kutular\u0131, end\u00fcstriyel makinalar i\u00e7in \u00f6zel olarak \u00fcretilmektedir.\n\n\n\n\n\n\nDetaylar\n\n\n\n\n\n\n\n\n\n\n\n\nOtomotiv Sanayisi i\u00e7in \u00d6zel \u00dcretim Di\u015fli Kutular\u0131\n\n\n\nOtomotiv \u00dcretimi\n\n\n\n\n\n\u00dcretti\u011fimiz di\u015fli kutular\u0131, otomotiv end\u00fcstrisinde kullan\u0131lmak \u00fczere \u00f6zel olarak tasarlad\u0131k ve \u00fcrettik. Paslanmaz \u00e7elikler ve teflon gibi y\u00fcksek kaliteli malzemeler kullanarak, m\u00fc\u015fterilerimizin isteklerini kar\u015f\u0131lamaktay\u0131z.\n\n\n\n\n\n\nDetaylar\n\n\n\n\n\n\n\n\n\n\n\n\nProfesyonel Ekip\n\n\n\nMert Di\u015fli Makina Sanayi&#8217;nin profesyonel ve uzman ekibi.\n\n\n\n\n\n\n\n\n\nAhmet Y\u0131lmaz\n\n\n\nM\u00fchendis\n\n\n\nM\u00fchendislik e\u011fitimi ve tecr\u00fcbesiyle \u00f6nc\u00fc projelerde \u00e7al\u0131\u015fm\u0131\u015ft\u0131r.\n\n\n\n\n\n\n\n\n\n\n\n\n\n\n\nAy\u015fe Kaya\n\n\n\nTeknik \u00c7izim Uzman\u0131\n\n\n\nY\u0131llar\u0131n deneyimi ve uzmanl\u0131\u011f\u0131yla \u00fcretim s\u00fcrecinde \u00f6nemli bir rol \u00fcstlenmektedir.\n\n\n\n\n\n\n\n\n\n\n\n\n\n\n\nMehmet Toprak\n\n\n\nKalite Kontrol Sorumlusu\n\n\n\nEn \u00fcst standartlarda kalite kontrol s\u00fcre\u00e7lerini y\u00fcr\u00fctmekte ve \u00fcr\u00fcnlerin kalite garantisi vermekte.\n\n\n\n\n\n\n\n\n\n\n\n\n\n\n\nZeynep \u00dcnal\n\n\n\nLojistik Uzman\u0131\n\n\n\n\u00dcr\u00fcnlerin zaman\u0131nda teslimat\u0131n\u0131n sa\u011flanmas\u0131nda ve tedarik s\u00fcre\u00e7lerinin y\u00f6netilmesinde b\u00fcy\u00fck bir ba\u015far\u0131ya sahiptir.\n\n\n\n\n\n\n\n\n\n\n\n","protected":false},"excerpt":{"rendered":"","protected":false},"author":1,"featured_media":0,"parent":0,"menu_order":0,"comment_status":"closed","ping_status":"closed","template":"","meta":{"footnotes":""},"class_list":["post-8","page","type-page","status-publish","hentry"],"_links":{"self":[{"href":"https:\/\/bayi.standartizolasyon.com\/index.php\/wp-json\/wp\/v2\/pages\/8","targetHints":{"allow":["GET"]}}],"collection":[{"href":"https:\/\/bayi.standartizolasyon.com\/index.php\/wp-json\/wp\/v2\/pages"}],"about":[{"href":"https:\/\/bayi.standartizolasyon.com\/index.php\/wp-json\/wp\/v2\/types\/page"}],"author":[{"embeddable":true,"href":"https:\/\/bayi.standartizolasyon.com\/index.php\/wp-json\/wp\/v2\/users\/1"}],"replies":[{"embeddable":true,"href":"https:\/\/bayi.standartizolasyon.com\/index.php\/wp-json\/wp\/v2\/comments?post=8"}],"version-history":[{"count":1,"href":"https:\/\/bayi.standartizolasyon.com\/index.php\/wp-json\/wp\/v2\/pages\/8\/revisions"}],"predecessor-version":[{"id":62,"href":"https:\/\/bayi.standartizolasyon.com\/index.php\/wp-json\/wp\/v2\/pages\/8\/revisions\/62"}],"wp:attachment":[{"href":"https:\/\/bayi.standartizolasyon.com\/index.php\/wp-json\/wp\/v2\/media?parent=8"}],"curies":[{"name":"wp","href":"https:\/\/api.w.org\/{rel}","templated":true}]}}